{"id":109,"date":"2025-12-12T17:11:21","date_gmt":"2025-12-12T16:11:21","guid":{"rendered":"https:\/\/pattibeachresort.it\/?page_id=109"},"modified":"2026-04-13T16:30:41","modified_gmt":"2026-04-13T14:30:41","slug":"servizi","status":"publish","type":"page","link":"https:\/\/pattibeachresort.it\/it\/servizi\/","title":{"rendered":"Servizi"},"content":{"rendered":"<p>La struttura si trova sulla spiaggia privata dotata di ombrelloni e lettini, direttamente sul mare. In struttura sono presenti: piscina attrezzata con ombrelloni e lettini, ristorante, bar, due campi da tennis e uno da calcio.<\/p>\n<p>&nbsp;<\/p>\n<p>Patti Beach Resort mette a disposizione degli ospiti una gamma di servizi per garantire il benessere di ogni ospite. Questi includono la connessione Wi-Fi nelle aree comuni, reception aperta 24 ore su 24, Wi-fi in camera, bar, parcheggio non custodito.<\/p>\n<p>&nbsp;<\/p>\n<p><span style=\"font-weight: 400;\">Sono disponibili anche ulteriori servizi a pagamento come il pacchetto &#8220;Piccoli Privilegi&#8221; che i<\/span><span style=\"font-weight: 400;\">nclude: ombrellone e 2 lettini riservati in prima fila in spiaggia, tavolo riservato al ristorante, late check-out entro le ore 13:00, telo mare in camera, una bottiglia di vino in camera all&#8217;arrivo.<\/span><\/p>\n<p><span style=\"color: #ffffff;\">.<\/span><\/p>\n<p>&nbsp;<\/p>\n<h3>Animazione<\/h3>\n<p>Da giugno fino a met\u00e0 settembre circa sar\u00e0 presente in villaggio un team di animazione per adulti e bambini. Sono previsti spettacoli serali, musica, attivit\u00e0 sportive e giochi per tutte le et\u00e0.\u00a0 Per i pi\u00f9 piccoli \u00e8 presente un Mini Club con area bimbi dedicata.<\/p>\n<p>&nbsp;<\/p>\n<p>&nbsp;<\/p>\n<p>&nbsp;<\/p>\n","protected":false},"excerpt":{"rendered":"<p>La struttura si trova sulla spiaggia privata dotata di ombrelloni e lettini, direttamente sul mare. In struttura sono presenti: piscina attrezzata con ombrelloni e lettini, ristorante, bar, due campi da tennis e uno da calcio. &nbsp; Patti Beach Resort mette a disposizione degli ospiti una gamma di servizi per garantire il benessere di ogni ospite. [&hellip;]<\/p>\n","protected":false},"author":23,"featured_media":0,"parent":0,"menu_order":0,"comment_status":"closed","ping_status":"closed","template":"page-template\/template-detail.php","meta":{"_acf_changed":false,"footnotes":""},"class_list":["post-109","page","type-page","status-publish","hentry"],"acf":[],"_links":{"self":[{"href":"https:\/\/pattibeachresort.it\/it\/wp-json\/wp\/v2\/pages\/109","targetHints":{"allow":["GET"]}}],"collection":[{"href":"https:\/\/pattibeachresort.it\/it\/wp-json\/wp\/v2\/pages"}],"about":[{"href":"https:\/\/pattibeachresort.it\/it\/wp-json\/wp\/v2\/types\/page"}],"author":[{"embeddable":true,"href":"https:\/\/pattibeachresort.it\/it\/wp-json\/wp\/v2\/users\/23"}],"replies":[{"embeddable":true,"href":"https:\/\/pattibeachresort.it\/it\/wp-json\/wp\/v2\/comments?post=109"}],"version-history":[{"count":16,"href":"https:\/\/pattibeachresort.it\/it\/wp-json\/wp\/v2\/pages\/109\/revisions"}],"predecessor-version":[{"id":688,"href":"https:\/\/pattibeachresort.it\/it\/wp-json\/wp\/v2\/pages\/109\/revisions\/688"}],"wp:attachment":[{"href":"https:\/\/pattibeachresort.it\/it\/wp-json\/wp\/v2\/media?parent=109"}],"curies":[{"name":"wp","href":"https:\/\/api.w.org\/{rel}","templated":true}]}}