{"id":156,"date":"2026-02-05T16:37:04","date_gmt":"2026-02-05T15:37:04","guid":{"rendered":"https:\/\/pattibeachresort.it\/?page_id=156"},"modified":"2026-04-03T09:46:08","modified_gmt":"2026-04-03T07:46:08","slug":"domande-frequenti","status":"publish","type":"page","link":"https:\/\/pattibeachresort.it\/it\/domande-frequenti\/","title":{"rendered":"Domande frequenti"},"content":{"rendered":"<h4>In questa pagina abbiamo raccolto le risposte alle domande pi\u00f9 frequenti per aiutarti a pianificare il tuo soggiorno. Scopri se \u00e8 proprio questo il villaggio sul mare in Sicilia che stai cercando per la tua prossima vacanza<\/h4>\n<p>&nbsp;<\/p>\n<p>&nbsp;<\/p>\n<h2 style=\"text-align: center;\">Ecco le informazioni sul luogo:<\/h2>\n<p>&nbsp;<\/p>\n<p><strong>\ud83d\udccd<\/strong><em><strong> Dove si trova Patti Beach Resort?<\/strong><\/em><\/p>\n<p>Il villaggio si trova a Patti, in provincia di Messina, sulla costa tirrenica siciliana. La struttura sorge direttamente sul mare.<\/p>\n<p>&nbsp;<\/p>\n<p><span style=\"color: #ffffff;\">.<\/span><\/p>\n<p><strong>\ud83d\ude97 <i>Come arrivare?<\/i><\/strong><\/p>\n<p><span style=\"font-weight: 400;\">Se arrivi in auto: esci al casello autostradale di Patti sulla A20. Il villaggio si trova a soli 3 minuti.\u00a0<\/span><\/p>\n<p>Se ti trovi in aeroporto puoi richiedere un transfer in taxi fino alla struttura. L&#8217;aeroporto di Catania dista circa 165 km. L&#8217;aeroporto di Palermo dista invece 196 km.<\/p>\n<p>&nbsp;<\/p>\n<p><span style=\"color: #ffffff;\">.<\/span><\/p>\n<p><strong>\ud83c\udd7f\ufe0f<\/strong><em><strong> \u00c8 presente un parcheggio?<\/strong><\/em><\/p>\n<p><span style=\"font-weight: 400;\">S\u00ec, \u00e8 presente un parcheggio non custodito di fronte alla struttura.<\/span><\/p>\n<p>&nbsp;<\/p>\n<p><span style=\"color: #ffffff;\">.<\/span><\/p>\n<p><strong>\ud83e\udded <em>Cosa c&#8217;\u00e8 in zona?<\/em><\/strong><\/p>\n<p><span style=\"font-weight: 400;\">Ecco la distanza dal centro e dai maggior punti di interesse: 3 km dalla Marina di Patti, 8 km da Tindari, 30 km da Milazzo, 21 km da Brolo &#8211; Ficarra Stazione.<\/span><\/p>\n<p>&nbsp;<\/p>\n<p><span style=\"color: #ffffff;\">.<\/span><\/p>\n<p>&nbsp;<\/p>\n<h3><\/h3>\n<h2 style=\"text-align: center;\">Scopri se \u00e8 il villaggio che fa per te:<\/h2>\n<p>&nbsp;<\/p>\n<p><strong>\ud83e\udd14<\/strong> <em><strong>Per chi \u00e8 adatto?\u00a0<\/strong><\/em><\/p>\n<p><span style=\"font-weight: 400;\">Patti Beach Resort \u00e8 un villaggio in Sicilia, direttamente sul mare, adatto a coppie, famiglie con bambini e gruppi di amici.<\/span><\/p>\n<p>&nbsp;<\/p>\n<p><span style=\"color: #ffffff;\">.<\/span><\/p>\n<p><strong>\ud83d\udc3e<\/strong> <em><strong>E gli animali sono ammessi?<\/strong><\/em><\/p>\n<p>Sono ammessi gli animali di piccola taglia con il pagamento di un supplemento giornaliero. Per essere attenti al benessere di tutti gli ospiti il loro accesso non \u00e8 consentito nelle aree comuni <span style=\"font-weight: 400;\">come piscina, bar e ristorante. \u00c8 invece ammesso l&#8217;accesso in spiaggia.<\/span><\/p>\n<p>&nbsp;<\/p>\n<p><span style=\"color: #ffffff;\">.<\/span><\/p>\n<p><strong>\ud83d\udd0d <em>Cosa trovo in villaggio?<\/em><\/strong><\/p>\n<p>All&#8217;interno di Patti Beach Resort sono presenti bungalow in muratura recentemente ristrutturati, dove alloggerai. La struttura si trova sulla spiaggia privata dotata di ombrelloni e lettini, direttamente sul mare. In struttura sono presenti: piscina attrezzata con ombrelloni e lettini, ristorante, bar, due campi da tennis e uno da calcio.<\/p>\n<p>&nbsp;<\/p>\n<p><span style=\"color: #ffffff;\">.<\/span><\/p>\n<p><strong>\ud83c\udfad<\/strong> <em><strong>\u00c8 presente l&#8217;animazione?<\/strong><\/em><\/p>\n<p>S\u00ec, da giugno fino a met\u00e0 settembre circa sar\u00e0 presente in villaggio un team di animazione per adulti e bambini. Sono previsti spettacoli serali, musica, attivit\u00e0 sportive e giochi per tutte le et\u00e0.\u00a0 Per i pi\u00f9 piccoli \u00e8 presente un Mini Club con area bimbi dedicata.<\/p>\n<p>&nbsp;<\/p>\n<p><span style=\"color: #ffffff;\">.<\/span><\/p>\n<p><em><strong>\u26f1\ufe0f\u00a0 Quanto dista il villaggio dalla spiaggia?\u00a0<\/strong><\/em><\/p>\n<p>Il villaggio \u00e8 direttamente sulla spiaggia!<\/p>\n<p>&nbsp;<\/p>\n<p><span style=\"color: #ffffff;\">.<\/span><\/p>\n<p><em><strong>\ud83c\udfd8\ufe0f\u00a0Che tipo di camere offrite?<\/strong><\/em><\/p>\n<p>Si tratta di bungalow in muratura recentemente ristrutturati<\/p>\n<p>&nbsp;<\/p>\n<p><span style=\"color: #ffffff;\">.<\/span><\/p>\n<p>&nbsp;<\/p>\n<h3><\/h3>\n<h2 style=\"text-align: center;\">Vivere il villaggio:<\/h2>\n<p>&nbsp;<\/p>\n<p><span style=\"color: #ffffff;\">.<\/span><\/p>\n<p><strong>\u27a1\ufe0f <i>Quali sono gli orari di check-in e check-out?<\/i><\/strong><\/p>\n<p>Il check-in in camera \u00e8 dalle ore 17:00, <span style=\"font-weight: 400;\">ma l\u2019Ingresso nelle aree comuni del villaggio \u00e8 consentito dalle ore 14:00.<\/span><\/p>\n<p><span style=\"font-weight: 400;\">Il check-out \u00e8 entro le ore 10:00.<\/span><\/p>\n<p>&nbsp;<\/p>\n<p><span style=\"color: #ffffff;\">.<\/span><\/p>\n<p><strong>\ud83d\udecf\ufe0f<\/strong> <em><strong>Cosa trovo in camera e che tipo di camere sono disponibili?<\/strong><\/em><\/p>\n<p>In ogni camera sono presenti: Tv, telefono, connessione Wi-Fi, aria condizionata, mini-frigo, cassetta di sicurezza e servizi privati con asciugacapelli.<\/p>\n<p>Si dividono in Classic, con camera matrimoniale e possibilit\u00e0 di 3\u00b0 letto aggiunto; Bicamere Family formate da 2 camere classic comunicanti.<\/p>\n<p>&nbsp;<\/p>\n<p><span style=\"color: #ffffff;\">.<\/span><\/p>\n<p><strong>\ud83c\udf5d<\/strong> <em><strong>Cosa prevede la ristorazione?<\/strong><\/em><\/p>\n<p>Colazione, pranzo e cena sono al buffet. Il trattamento di pensione completa con bevande prevede pasti a a buffet e show cooking, tavoli assegnati per tutta la durata del soggiorno; acqua, vino della casa e soft drink da dispenser inclusi ai pasti. \u00c8 prevista una cena tipica settimanale. I bimbi hanno un&#8217;area dedicata per i pasti con lo staff del mini club.<\/p>\n<p>&nbsp;<\/p>\n<p><span style=\"color: #ffffff;\">.<\/span><\/p>\n<p><strong><i>\ud83c\udf7d\ufe0f Ho un&#8217;intolleranza alimentare, come funziona?<\/i><\/strong><\/p>\n<p><span style=\"font-weight: 400;\">All&#8217;arrivo puoi comunicare la tua intolleranza alimentare al nostro staff di reception e cucina, cos\u00ec che possano prendersi cura delle tue esigenze.<\/span><\/p>\n<p>&nbsp;<\/p>\n<p><span style=\"color: #ffffff;\">.<\/span><\/p>\n<p><strong>\ud83c\udf3f <i>Sono disponibili opzioni senza glutine?<\/i><\/strong><\/p>\n<p><span style=\"font-weight: 400;\">S\u00ec, con un supplemento di 25 \u20ac al giorno per menu dedicato e servizio al tavolo.<\/span><\/p>\n<p>&nbsp;<\/p>\n<p><span style=\"color: #ffffff;\">.<\/span><\/p>\n<p><strong>\ud83c\udf7c<\/strong> <em><strong>\u00c8 presente una biberoneria?<\/strong><\/em><\/p>\n<p>S\u00ec ed \u00e8 accessibile h24, attrezzata con scaldabiberon, angolo cottura con piastra ad induzione, lavabo, pentole e stoviglie, frigorifero, microonde, seggioloni.<\/p>\n<p>&nbsp;<\/p>\n<p><span style=\"color: #ffffff;\">.<\/span><\/p>\n<p><b>\u267f <\/b><b><i>La struttura \u00e8 dotata di camere per persone diversamente abili?<\/i><\/b><\/p>\n<p><span style=\"font-weight: 400;\">S\u00ec, sono disponibili camere con accesso disabili.<\/span><\/p>\n<p><span style=\"color: #ffffff;\">.<\/span><\/p>\n<p>&nbsp;<\/p>\n<p><span style=\"color: #ffffff;\">.<\/span><\/p>\n<p>&nbsp;<\/p>\n","protected":false},"excerpt":{"rendered":"<p>In questa pagina abbiamo raccolto le risposte alle domande pi\u00f9 frequenti per aiutarti a pianificare il tuo soggiorno. Scopri se \u00e8 proprio questo il villaggio sul mare in Sicilia che stai cercando per la tua prossima vacanza &nbsp; &nbsp; Ecco le informazioni sul luogo: &nbsp; \ud83d\udccd Dove si trova Patti Beach Resort? Il villaggio si [&hellip;]<\/p>\n","protected":false},"author":23,"featured_media":0,"parent":0,"menu_order":0,"comment_status":"closed","ping_status":"closed","template":"","meta":{"_acf_changed":false,"footnotes":""},"class_list":["post-156","page","type-page","status-publish","hentry"],"acf":[],"_links":{"self":[{"href":"https:\/\/pattibeachresort.it\/it\/wp-json\/wp\/v2\/pages\/156","targetHints":{"allow":["GET"]}}],"collection":[{"href":"https:\/\/pattibeachresort.it\/it\/wp-json\/wp\/v2\/pages"}],"about":[{"href":"https:\/\/pattibeachresort.it\/it\/wp-json\/wp\/v2\/types\/page"}],"author":[{"embeddable":true,"href":"https:\/\/pattibeachresort.it\/it\/wp-json\/wp\/v2\/users\/23"}],"replies":[{"embeddable":true,"href":"https:\/\/pattibeachresort.it\/it\/wp-json\/wp\/v2\/comments?post=156"}],"version-history":[{"count":22,"href":"https:\/\/pattibeachresort.it\/it\/wp-json\/wp\/v2\/pages\/156\/revisions"}],"predecessor-version":[{"id":537,"href":"https:\/\/pattibeachresort.it\/it\/wp-json\/wp\/v2\/pages\/156\/revisions\/537"}],"wp:attachment":[{"href":"https:\/\/pattibeachresort.it\/it\/wp-json\/wp\/v2\/media?parent=156"}],"curies":[{"name":"wp","href":"https:\/\/api.w.org\/{rel}","templated":true}]}}