{"id":88,"date":"2025-12-12T16:16:33","date_gmt":"2025-12-12T15:16:33","guid":{"rendered":"https:\/\/pattibeachresort.it\/?page_id=88"},"modified":"2025-12-12T16:41:42","modified_gmt":"2025-12-12T15:41:42","slug":"location-contatti","status":"publish","type":"page","link":"https:\/\/pattibeachresort.it\/it\/location-contatti\/","title":{"rendered":"Location &#038; Contatti"},"content":{"rendered":"<p><strong>Il Villaggio Context Patti Beach Resort<\/strong> si trova in <span style=\"font-weight: 400;\">in provincia di Messina, in Contrada Galice, 2, 98066 Patti ME<\/span><span style=\"font-weight: 400;\">. Si affaccia sulla costa tirrenica, di fronte alle splendide Isole Eolie.\u00a0<\/span><\/p>\n<p>&nbsp;<\/p>\n<p><strong>Distanza dal mare:<\/strong><\/p>\n<p>La struttura sorge direttamente sul mare, sulla spiaggia privata di sabbia mista a ciottoli, con fondale sabbioso, dotata sdraio ed ombrelloni<\/p>\n<p><strong>Aeroporto:<\/strong><\/p>\n<p>Catania a ca. 165 Km<\/p>\n<p>Palermo a ca. 196 km<\/p>\n<p><strong>Stazione ferroviaria di Patti:<\/strong><\/p>\n<p>Ca. 4,5 Km<\/p>\n<p><strong>Casello di Patti, autostrada A20:<\/strong><\/p>\n<p>Ca. 3 minuti<\/p>\n<p>&nbsp;<\/p>\n<p>Il nostro staff \u00e8 a disposizione per ogni necessit\u00e0. Se avete dubbi o curiosit\u00e0 Vi invitiamo a compilare i campi sottostanti.<\/p>\n<p>I campi con * sono obbligatori<\/p>\n\n<div class=\"wpcf7 no-js\" id=\"wpcf7-f95-o1\" lang=\"it-IT\" dir=\"ltr\" data-wpcf7-id=\"95\">\n<div class=\"screen-reader-response\"><p role=\"status\" aria-live=\"polite\" aria-atomic=\"true\"><\/p> <ul><\/ul><\/div>\n<form action=\"\/it\/wp-json\/wp\/v2\/pages\/88#wpcf7-f95-o1\" method=\"post\" class=\"wpcf7-form init\" aria-label=\"Modulo di contatto\" novalidate=\"novalidate\" data-status=\"init\">\n<fieldset class=\"hidden-fields-container\"><input type=\"hidden\" name=\"_wpcf7\" value=\"95\" \/><input type=\"hidden\" name=\"_wpcf7_version\" value=\"6.1.5\" \/><input type=\"hidden\" name=\"_wpcf7_locale\" value=\"it_IT\" \/><input type=\"hidden\" name=\"_wpcf7_unit_tag\" value=\"wpcf7-f95-o1\" \/><input type=\"hidden\" name=\"_wpcf7_container_post\" value=\"0\" \/><input type=\"hidden\" name=\"_wpcf7_posted_data_hash\" value=\"\" \/>\n<\/fieldset>\n<p><label> Il tuo nome*<br \/>\n<span class=\"wpcf7-form-control-wrap\" data-name=\"your-name\"><input size=\"40\" maxlength=\"400\" class=\"wpcf7-form-control wpcf7-text wpcf7-validates-as-required\" autocomplete=\"name\" aria-required=\"true\" aria-invalid=\"false\" value=\"\" type=\"text\" name=\"your-name\" \/><\/span> <\/label>\n<\/p>\n<p><label> La tua email*<br \/>\n<span class=\"wpcf7-form-control-wrap\" data-name=\"your-email\"><input size=\"40\" maxlength=\"400\" class=\"wpcf7-form-control wpcf7-email wpcf7-validates-as-required wpcf7-text wpcf7-validates-as-email\" autocomplete=\"email\" aria-required=\"true\" aria-invalid=\"false\" value=\"\" type=\"email\" name=\"your-email\" \/><\/span> <\/label>\n<\/p>\n<p><label> Oggetto*<br \/>\n<span class=\"wpcf7-form-control-wrap\" data-name=\"your-subject\"><input size=\"40\" maxlength=\"400\" class=\"wpcf7-form-control wpcf7-text wpcf7-validates-as-required\" aria-required=\"true\" aria-invalid=\"false\" value=\"\" type=\"text\" name=\"your-subject\" \/><\/span> <\/label>\n<\/p>\n<p><label> Il tuo messaggio<br \/>\n<span class=\"wpcf7-form-control-wrap\" data-name=\"your-message\"><textarea cols=\"40\" rows=\"10\" maxlength=\"2000\" class=\"wpcf7-form-control wpcf7-textarea\" aria-invalid=\"false\" name=\"your-message\"><\/textarea><\/span> <\/label>\n<\/p>\n<div class=\"col-lg-12\">\n\t<p>Context H.R. Srl, Via Circuito 171 - 98164, Messina P. IVA 03278500834 - Tel. 090327004 - Fax 090325511, in qualit\u00e0 di titolare del presente trattamento, informa gli interessati che i loro dati personali, cos\u00ec come inseriti, verranno trattati secondo quanto specificato nella privacy policy di questo sito, quale informativa resa ai sensi del Regolamento UE 2016\/679 e del D. Lgs. n. 196\/2003 consultabile al seguente link: <span class=\"t-14\"><a href=\"https:\/\/www.contexthotels.it\/privacy\/\" target=\"_blank\" rel=\"noopener\"> Leggi informativa privacy <\/a><\/span>\n\t<\/p>\n<\/div>\n<div class=\"col-lg-12\">\n\t<p><span class=\"wpcf7-form-control-wrap\" data-name=\"accetto-privacy\"><span class=\"wpcf7-form-control wpcf7-checkbox wpcf7-validates-as-required\"><span class=\"wpcf7-list-item first last\"><input type=\"checkbox\" name=\"accetto-privacy[]\" value=\"* Confermo di avere letto l&#039;informativa sulla privacy.\" \/><span class=\"wpcf7-list-item-label\">* Confermo di avere letto l&#039;informativa sulla privacy.<\/span><\/span><\/span><\/span>\n\t<\/p>\n<\/div>\n<div class=\"col-lg-12\">\n\t<p><span class=\"wpcf7-form-control-wrap\" data-name=\"accetto-newsletter\"><span class=\"wpcf7-form-control wpcf7-checkbox\"><span class=\"wpcf7-list-item first last\"><input type=\"checkbox\" name=\"accetto-newsletter[]\" value=\"Voglio ricevere in anteprima offerte speciali, promozioni riservate e novit\u00e0 sulle strutture Context Hotels, tramite email, sms o contatto telefonico.\" \/><span class=\"wpcf7-list-item-label\">Voglio ricevere in anteprima offerte speciali, promozioni riservate e novit\u00e0 sulle strutture Context Hotels, tramite email, sms o contatto telefonico.<\/span><\/span><\/span><\/span>\n\t<\/p>\n<\/div>\n<div class=\"col-lg-12 btn-contact\">\n\t<p><input class=\"wpcf7-form-control wpcf7-submit has-spinner submit-btn\" type=\"submit\" value=\"Invia richiesta\" \/>\n\t<\/p>\n<\/div><div class=\"wpcf7-response-output\" aria-hidden=\"true\"><\/div>\n<\/form>\n<\/div>\n\n","protected":false},"excerpt":{"rendered":"<p>Il Villaggio Context Patti Beach Resort si trova in in provincia di Messina, in Contrada Galice, 2, 98066 Patti ME. Si affaccia sulla costa tirrenica, di fronte alle splendide Isole Eolie.\u00a0 &nbsp; Distanza dal mare: La struttura sorge direttamente sul mare, sulla spiaggia privata di sabbia mista a ciottoli, con fondale sabbioso, dotata sdraio ed [&hellip;]<\/p>\n","protected":false},"author":23,"featured_media":0,"parent":0,"menu_order":7,"comment_status":"closed","ping_status":"closed","template":"page-template\/template-contact.php","meta":{"_acf_changed":false,"footnotes":""},"class_list":["post-88","page","type-page","status-publish","hentry"],"acf":[],"_links":{"self":[{"href":"https:\/\/pattibeachresort.it\/it\/wp-json\/wp\/v2\/pages\/88","targetHints":{"allow":["GET"]}}],"collection":[{"href":"https:\/\/pattibeachresort.it\/it\/wp-json\/wp\/v2\/pages"}],"about":[{"href":"https:\/\/pattibeachresort.it\/it\/wp-json\/wp\/v2\/types\/page"}],"author":[{"embeddable":true,"href":"https:\/\/pattibeachresort.it\/it\/wp-json\/wp\/v2\/users\/23"}],"replies":[{"embeddable":true,"href":"https:\/\/pattibeachresort.it\/it\/wp-json\/wp\/v2\/comments?post=88"}],"version-history":[{"count":6,"href":"https:\/\/pattibeachresort.it\/it\/wp-json\/wp\/v2\/pages\/88\/revisions"}],"predecessor-version":[{"id":99,"href":"https:\/\/pattibeachresort.it\/it\/wp-json\/wp\/v2\/pages\/88\/revisions\/99"}],"wp:attachment":[{"href":"https:\/\/pattibeachresort.it\/it\/wp-json\/wp\/v2\/media?parent=88"}],"curies":[{"name":"wp","href":"https:\/\/api.w.org\/{rel}","templated":true}]}}